{"id":10,"date":"2026-02-19T18:02:41","date_gmt":"2026-02-19T18:02:41","guid":{"rendered":"https:\/\/orange-wallaby-913587.hostingersite.com\/?page_id=10"},"modified":"2026-02-19T20:33:55","modified_gmt":"2026-02-19T20:33:55","slug":"inicio","status":"publish","type":"page","link":"https:\/\/funsapac.org\/en\/","title":{"rendered":"INICIO"},"content":{"rendered":"<div class=\"wp-block-group is-vertical is-layout-flex wp-container-core-group-is-layout-8cf370e7 wp-block-group-is-layout-flex\">\n<h2 class=\"wp-block-heading\"><strong>&#8220;Un Barco por la Vida: Transformando el Pac\u00edfico Caucano, chocoano y nari\u00f1ense, <\/strong>nuestra meta: Adquisici\u00f3n del Buque de Gesti\u00f3n Sanitaria &#8220;Pac\u00edfico Seguro&#8221;<\/h2>\n\n\n\n<p>Tu donaci\u00f3n nos acerca a la compra de la embarcaci\u00f3n t\u00e9cnica necesaria para navegar los esteros y costas del Litoral Pacifico colombiano, recolectando residuos hospitalarios que hoy terminan en el mar.<\/p>\n\n\n\n<p><strong>Nuestra Meta: $100,000 USD para el Buque Pac\u00edfico Seguro<\/strong>.<\/p>\n\n\n\n<figure class=\"wp-block-gallery has-nested-images columns-default is-cropped wp-block-gallery-1 is-layout-flex wp-block-gallery-is-layout-flex\">\n<figure class=\"wp-block-image size-large\"><img loading=\"lazy\" decoding=\"async\" width=\"575\" height=\"1024\" data-id=\"30\" src=\"https:\/\/funsapac.org\/wp-content\/uploads\/2026\/02\/WhatsApp-Image-2026-02-19-at-13.07.41-575x1024.jpeg\" alt=\"\" class=\"wp-image-30\" srcset=\"https:\/\/funsapac.org\/wp-content\/uploads\/2026\/02\/WhatsApp-Image-2026-02-19-at-13.07.41-575x1024.jpeg 575w, https:\/\/funsapac.org\/wp-content\/uploads\/2026\/02\/WhatsApp-Image-2026-02-19-at-13.07.41-169x300.jpeg 169w, https:\/\/funsapac.org\/wp-content\/uploads\/2026\/02\/WhatsApp-Image-2026-02-19-at-13.07.41-7x12.jpeg 7w, https:\/\/funsapac.org\/wp-content\/uploads\/2026\/02\/WhatsApp-Image-2026-02-19-at-13.07.41.jpeg 719w\" sizes=\"auto, (max-width: 575px) 100vw, 575px\" \/><\/figure>\n\n\n\n<figure class=\"wp-block-image size-large\"><img loading=\"lazy\" decoding=\"async\" width=\"768\" height=\"1024\" data-id=\"15\" src=\"https:\/\/funsapac.org\/wp-content\/uploads\/2026\/02\/WhatsApp-Image-2026-02-19-at-12.20.54-1-768x1024.jpeg\" alt=\"\" class=\"wp-image-15\" srcset=\"https:\/\/funsapac.org\/wp-content\/uploads\/2026\/02\/WhatsApp-Image-2026-02-19-at-12.20.54-1-768x1024.jpeg 768w, https:\/\/funsapac.org\/wp-content\/uploads\/2026\/02\/WhatsApp-Image-2026-02-19-at-12.20.54-1-225x300.jpeg 225w, https:\/\/funsapac.org\/wp-content\/uploads\/2026\/02\/WhatsApp-Image-2026-02-19-at-12.20.54-1-1152x1536.jpeg 1152w, https:\/\/funsapac.org\/wp-content\/uploads\/2026\/02\/WhatsApp-Image-2026-02-19-at-12.20.54-1-9x12.jpeg 9w, https:\/\/funsapac.org\/wp-content\/uploads\/2026\/02\/WhatsApp-Image-2026-02-19-at-12.20.54-1.jpeg 1200w\" sizes=\"auto, (max-width: 768px) 100vw, 768px\" \/><\/figure>\n\n\n\n<figure class=\"wp-block-image size-large\"><img loading=\"lazy\" decoding=\"async\" width=\"614\" height=\"1024\" data-id=\"26\" src=\"https:\/\/funsapac.org\/wp-content\/uploads\/2026\/02\/WhatsApp-Image-2026-02-19-at-13.07.40-614x1024.jpeg\" alt=\"\" class=\"wp-image-26\" srcset=\"https:\/\/funsapac.org\/wp-content\/uploads\/2026\/02\/WhatsApp-Image-2026-02-19-at-13.07.40-614x1024.jpeg 614w, https:\/\/funsapac.org\/wp-content\/uploads\/2026\/02\/WhatsApp-Image-2026-02-19-at-13.07.40-180x300.jpeg 180w, https:\/\/funsapac.org\/wp-content\/uploads\/2026\/02\/WhatsApp-Image-2026-02-19-at-13.07.40-7x12.jpeg 7w, https:\/\/funsapac.org\/wp-content\/uploads\/2026\/02\/WhatsApp-Image-2026-02-19-at-13.07.40.jpeg 768w\" sizes=\"auto, (max-width: 614px) 100vw, 614px\" \/><\/figure>\n\n\n\n<figure class=\"wp-block-image size-large\"><img loading=\"lazy\" decoding=\"async\" width=\"1024\" height=\"563\" data-id=\"11\" src=\"https:\/\/funsapac.org\/wp-content\/uploads\/2026\/02\/WhatsApp-Image-2026-02-19-at-12.13.11-1024x563.jpeg\" alt=\"En este tipo de embarcaciones de carga de abarrotes y pasajeros transportan residuos biologicos producidos por los hospitales\" class=\"wp-image-11\" srcset=\"https:\/\/funsapac.org\/wp-content\/uploads\/2026\/02\/WhatsApp-Image-2026-02-19-at-12.13.11-1024x563.jpeg 1024w, https:\/\/funsapac.org\/wp-content\/uploads\/2026\/02\/WhatsApp-Image-2026-02-19-at-12.13.11-300x165.jpeg 300w, https:\/\/funsapac.org\/wp-content\/uploads\/2026\/02\/WhatsApp-Image-2026-02-19-at-12.13.11-768x422.jpeg 768w, https:\/\/funsapac.org\/wp-content\/uploads\/2026\/02\/WhatsApp-Image-2026-02-19-at-12.13.11-18x10.jpeg 18w, https:\/\/funsapac.org\/wp-content\/uploads\/2026\/02\/WhatsApp-Image-2026-02-19-at-12.13.11.jpeg 1080w\" sizes=\"auto, (max-width: 1024px) 100vw, 1024px\" \/><figcaption class=\"wp-element-caption\">Barco de cabotaje y carga Costa Pacifica colombiana <\/figcaption><\/figure>\n<\/figure>\n\n\n\n<p>&#8220;Estas im\u00e1genes no son solo basura; son un riesgo biol\u00f3gico latente en nuestras costas. Sin el Buque &#8216;Pac\u00edfico Seguro&#8217;, estos residuos terminan en el mar o acumulados en puestos de salud sin condiciones m\u00ednimas. <strong>Tu donaci\u00f3n detiene esta crisis hoy mismo.<\/strong>&#8220;<\/p>\n\n\n\n<p><\/p>\n\n\n\n<h2 class=\"wp-block-heading\"><strong>&#8220;Nuestra Meta: $100,000 USD para el Buque Pac\u00edfico Seguro&#8221;<\/strong>.<\/h2>\n\n\n\n<div class=\"wp-block-cover is-light has-large-font-size\"><span aria-hidden=\"true\" class=\"wp-block-cover__background has-pale-cyan-blue-background-color has-background-dim\"><\/span><div class=\"wp-block-cover__inner-container is-layout-constrained wp-block-cover-is-layout-constrained\">\n<p class=\"has-text-align-center has-large-font-size\"><strong>\u00bfPOR QU\u00c9 ACTUAR AHORA?<\/strong><\/p>\n\n\n\n<details class=\"wp-block-details is-layout-flow wp-block-details-is-layout-flow\" style=\"font-size:18px\"><summary><strong>\u00bfPor qu\u00e9 es urgente actuar ahora?<\/strong><br>En el <strong>Litoral Pac\u00edfico (Cauca, Choc\u00f3 y Nari\u00f1o)<\/strong>, la geograf\u00eda es nuestra mayor bendici\u00f3n, pero tambi\u00e9n nuestro mayor reto log\u00edstico. Actualmente, decenas de centros hospitalarios y puestos de salud en zonas remotas no cuentan con una ruta terrestre para evacuar sus <strong>residuos peligrosos (biol\u00f3gicos, qu\u00edmicos y cortopunzantes).<\/strong><br><strong>La realidad actual es alarmante:<\/strong><br><strong>Riesgo Sanitario:<\/strong> Sin un transporte adecuado, los residuos se acumulan en las comunidades, aumentando el riesgo de infecciones y enfermedades.<br><strong>Desastre Ambiental:<\/strong> Gran parte de estos desechos terminan contaminando los esteros, manglares y el oc\u00e9ano, afectando la pesca y la biodiversidad que sustenta a nuestra gente.<br><strong>Abandono Log\u00edstico:<\/strong> Las rutas tradicionales no entran a estas zonas; solo un buque especializado puede navegar estas aguas de forma segura.<br><strong>Nuestra Respuesta: El Buque &#8220;Pac\u00edfico Seguro&#8221;<\/strong><br>Este barco no es un lujo, es una <strong>infraestructura de vida<\/strong>. Estar\u00e1 dotado con:<br><strong>Contenedores de Bioseguridad:<\/strong> Para el aislamiento total de residuos pat\u00f3genos.<br><strong>Sistemas de Extracci\u00f3n:<\/strong> Cumpliendo con normas internacionales de transporte de materiales peligrosos.<br><strong>Ruta de Esperanza:<\/strong> Un calendario fijo que visitar\u00e1 cada municipio, garantizando que ning\u00fan hospital se quede con desechos peligrosos en su territorio.<\/summary>\n<p><\/p>\n<\/details>\n<\/div><\/div>\n<\/div>\n\n\n\n<div class=\"wp-block-group\"><div class=\"wp-block-group__inner-container is-layout-constrained wp-block-group-is-layout-constrained\">\n<details class=\"wp-block-details has-background is-layout-flow wp-block-details-is-layout-flow\" style=\"background-color:#8ddefc8f;font-size:16px\"><summary><strong>Compromiso de Transparencia y Rendici\u00f3n de Cuentas<\/strong><br>En <strong>FUNSAPAC<\/strong>, entendemos que cada donaci\u00f3n es un acto de confianza en nuestra misi\u00f3n. Por ello, nos comprometemos a:<br><strong>Destinaci\u00f3n Espec\u00edfica:<\/strong> El 100% de los fondos recaudados en esta campa\u00f1a se destinar\u00e1 exclusivamente a la adquisici\u00f3n, adecuaci\u00f3n y tr\u00e1mites legales del <strong>Buque de Gesti\u00f3n Sanitaria &#8220;Pac\u00edfico Seguro&#8221;<\/strong>.<br><strong>Informes de Progreso:<\/strong> Todos los donantes recibir\u00e1n un bolet\u00edn trimestral con fotos y documentos que certifiquen el avance de la compra y la adecuaci\u00f3n t\u00e9cnica del barco.<br><strong>Auditor\u00eda Abierta:<\/strong> Mantendremos a disposici\u00f3n de nuestros aportantes el registro de gastos relacionados con este proyecto para garantizar la m\u00e1xima claridad administrativa.<br><strong>Certificaci\u00f3n Legal:<\/strong> Somos una fundaci\u00f3n legalmente constituida en Colombia, cumpliendo con toda la normativa vigente para la recepci\u00f3n de fondos nacionales e internacionales.ritorio.<\/summary>\n<p><\/p>\n<\/details>\n\n\n\n<div class=\"wp-block-buttons is-layout-flex wp-block-buttons-is-layout-flex\">\n<div class=\"wp-block-button has-custom-width wp-block-button__width-100\"><a class=\"wp-block-button__link has-vivid-green-cyan-background-color has-background wp-element-button\" href=\"https:\/\/paypal.me\/funsapac\">DONAR AHORA (V\u00eda PayPal)<\/a><\/div>\n<\/div>\n<\/div><\/div>\n\n\n<div class=\"wp-block-image is-style-rounded\">\n<figure class=\"aligncenter size-large is-resized\"><img loading=\"lazy\" decoding=\"async\" width=\"786\" height=\"1024\" src=\"https:\/\/funsapac.org\/wp-content\/uploads\/2026\/02\/WhatsApp-Image-2026-02-19-at-15.25.01-786x1024.jpeg\" alt=\"\" class=\"wp-image-64\" style=\"width:456px;height:auto\" srcset=\"https:\/\/funsapac.org\/wp-content\/uploads\/2026\/02\/WhatsApp-Image-2026-02-19-at-15.25.01-786x1024.jpeg 786w, https:\/\/funsapac.org\/wp-content\/uploads\/2026\/02\/WhatsApp-Image-2026-02-19-at-15.25.01-230x300.jpeg 230w, https:\/\/funsapac.org\/wp-content\/uploads\/2026\/02\/WhatsApp-Image-2026-02-19-at-15.25.01-768x1001.jpeg 768w, https:\/\/funsapac.org\/wp-content\/uploads\/2026\/02\/WhatsApp-Image-2026-02-19-at-15.25.01-9x12.jpeg 9w, https:\/\/funsapac.org\/wp-content\/uploads\/2026\/02\/WhatsApp-Image-2026-02-19-at-15.25.01.jpeg 1024w\" sizes=\"auto, (max-width: 786px) 100vw, 786px\" \/><\/figure>\n<\/div>","protected":false},"excerpt":{"rendered":"<p>&#8220;Un Barco por la Vida: Transformando el Pac\u00edfico Caucano, chocoano y nari\u00f1ense, nuestra meta: Adquisici\u00f3n del Buque de Gesti\u00f3n Sanitaria &#8220;Pac\u00edfico Seguro&#8221; Tu donaci\u00f3n nos acerca a la compra de la embarcaci\u00f3n t\u00e9cnica necesaria para navegar los esteros y costas del Litoral Pacifico colombiano, recolectando residuos hospitalarios que hoy terminan en el mar. Nuestra Meta: [&hellip;]<\/p>\n","protected":false},"author":1,"featured_media":0,"parent":0,"menu_order":0,"comment_status":"closed","ping_status":"closed","template":"templates\/landing.php","meta":{"footnotes":""},"class_list":["post-10","page","type-page","status-publish","hentry","entry"],"_hostinger_reach_plugin_has_subscription_block":false,"_hostinger_reach_plugin_is_elementor":false,"_links":{"self":[{"href":"https:\/\/funsapac.org\/en\/wp-json\/wp\/v2\/pages\/10","targetHints":{"allow":["GET"]}}],"collection":[{"href":"https:\/\/funsapac.org\/en\/wp-json\/wp\/v2\/pages"}],"about":[{"href":"https:\/\/funsapac.org\/en\/wp-json\/wp\/v2\/types\/page"}],"author":[{"embeddable":true,"href":"https:\/\/funsapac.org\/en\/wp-json\/wp\/v2\/users\/1"}],"replies":[{"embeddable":true,"href":"https:\/\/funsapac.org\/en\/wp-json\/wp\/v2\/comments?post=10"}],"version-history":[{"count":10,"href":"https:\/\/funsapac.org\/en\/wp-json\/wp\/v2\/pages\/10\/revisions"}],"predecessor-version":[{"id":68,"href":"https:\/\/funsapac.org\/en\/wp-json\/wp\/v2\/pages\/10\/revisions\/68"}],"wp:attachment":[{"href":"https:\/\/funsapac.org\/en\/wp-json\/wp\/v2\/media?parent=10"}],"curies":[{"name":"wp","href":"https:\/\/api.w.org\/{rel}","templated":true}]}}